{"id":358,"date":"2025-03-23T16:13:51","date_gmt":"2025-03-23T15:13:51","guid":{"rendered":"https:\/\/techresources.net\/fachartikel\/"},"modified":"2025-03-23T16:39:04","modified_gmt":"2025-03-23T15:39:04","slug":"fachartikel","status":"publish","type":"page","link":"https:\/\/techresources.net\/de\/fachartikel\/","title":{"rendered":"Fachartikel"},"content":{"rendered":"\n<h2 class=\"wp-block-heading\">Entriegeln Sie den ultimativen Leitfaden f\u00fcr Technologie-F\u00fchrungskr\u00e4fte<\/h2>\n\n<p>Navigieren Sie durch die komplexe Landschaft der modernen Technologief\u00fchrung? Egal, ob Sie CTO, Engineering Manager, Data Scientist oder Cloud Architect sind, <strong>TechResources.net<\/strong> ist die Plattform, auf der Sie tiefe Einblicke und praktisches Wissen gewinnen k\u00f6nnen, um in Ihrer Rolle zu gl\u00e4nzen.<\/p>\n\n<h4 class=\"wp-block-heading\">Was Sie vorfinden werden:<\/h4>\n\n<p>In diesem Abschnitt bieten wir eine sorgf\u00e4ltig zusammengestellte Sammlung von Artikeln, Leitf\u00e4den und Ressourcen zu mehreren Dutzend technischen Rollen. <\/p>\n\n<p>F\u00fcr jede Rolle werden Sie entdecken:<\/p>\n\n<ul class=\"wp-block-list\">\n<li><strong>Handlungsfelder<\/strong>: Verstehen Sie die wichtigsten Bereiche, in denen Sie am meisten bewirken k\u00f6nnen.<\/li>\n\n\n\n<li><strong>Hauptaufgaben und Zust\u00e4ndigkeiten<\/strong>: Detaillierte Aufschl\u00fcsselung der wichtigsten Aufgaben und Zust\u00e4ndigkeiten, um Ihre F\u00fchrungsqualit\u00e4ten zu verbessern.<\/li>\n\n\n\n<li><strong>Strategische Vorgehensweisen<\/strong>: Bew\u00e4hrte Strategien zur Steigerung von Produktivit\u00e4t, Effizienz und Innovation in Ihrem Team.<\/li>\n\n\n\n<li><strong>Herausforderungen und Fallstricke<\/strong>: Umfassende Berichterstattung \u00fcber h\u00e4ufige Hindernisse und umsetzbare Ratschl\u00e4ge, wie sie vermieden oder \u00fcberwunden werden k\u00f6nnen.<\/li>\n<\/ul>\n\n<p><\/p>\n","protected":false},"excerpt":{"rendered":"<p>Entriegeln Sie den ultimativen Leitfaden f\u00fcr Technologie-F\u00fchrungskr\u00e4fte Navigieren Sie durch  [&#8230;]<\/p>\n","protected":false},"author":1,"featured_media":0,"parent":0,"menu_order":0,"comment_status":"closed","ping_status":"closed","template":"100-width.php","meta":{"_acf_changed":false,"footnotes":""},"class_list":["post-358","page","type-page","status-publish","hentry"],"acf":[],"featured_image_src":null,"featured_image_src_square":null,"_links":{"self":[{"href":"https:\/\/techresources.net\/de\/wp-json\/wp\/v2\/pages\/358","targetHints":{"allow":["GET"]}}],"collection":[{"href":"https:\/\/techresources.net\/de\/wp-json\/wp\/v2\/pages"}],"about":[{"href":"https:\/\/techresources.net\/de\/wp-json\/wp\/v2\/types\/page"}],"author":[{"embeddable":true,"href":"https:\/\/techresources.net\/de\/wp-json\/wp\/v2\/users\/1"}],"replies":[{"embeddable":true,"href":"https:\/\/techresources.net\/de\/wp-json\/wp\/v2\/comments?post=358"}],"version-history":[{"count":1,"href":"https:\/\/techresources.net\/de\/wp-json\/wp\/v2\/pages\/358\/revisions"}],"predecessor-version":[{"id":359,"href":"https:\/\/techresources.net\/de\/wp-json\/wp\/v2\/pages\/358\/revisions\/359"}],"wp:attachment":[{"href":"https:\/\/techresources.net\/de\/wp-json\/wp\/v2\/media?parent=358"}],"curies":[{"name":"wp","href":"https:\/\/api.w.org\/{rel}","templated":true}]}}