{"id":356,"date":"2025-03-23T16:23:42","date_gmt":"2025-03-23T15:23:42","guid":{"rendered":"https:\/\/techresources.net\/ressourcen\/"},"modified":"2025-03-23T16:35:37","modified_gmt":"2025-03-23T15:35:37","slug":"ressourcen","status":"publish","type":"page","link":"https:\/\/techresources.net\/de\/ressourcen\/","title":{"rendered":"Ressourcen"},"content":{"rendered":"\n<h3 class=\"wp-block-heading\">\u00dcbersicht \u00fcber die Ressourcen &#8211; Ihr unverzichtbares Toolkit f\u00fcr den Erfolg<\/h3>\n\n<p>Willkommen im Bereich <strong>Ressourcen <\/strong>von <strong>TechResources.net<\/strong>, Ihrer zentralen Anlaufstelle f\u00fcr praktische, hochwertige Materialien, die Ihnen helfen sollen, in Ihrer F\u00fchrungsrolle im Technologiebereich erfolgreich zu sein. Ganz gleich, ob Sie eine neue Position antreten oder Ihre derzeitige Rolle verbessern m\u00f6chten, wir bieten Ihnen alles, was Sie f\u00fcr Ihren Erfolg ben\u00f6tigen. <\/p>\n\n<h4 class=\"wp-block-heading\">Was Sie hier finden:<\/h4>\n\n<ul class=\"wp-block-list\">\n<li><strong>Onboarding-Leitf\u00e4den<\/strong>: Strukturierte Roadmaps, die Ihnen helfen, sich nahtlos in neue Rollen zu integrieren, um einen reibungslosen \u00dcbergang und unmittelbare Auswirkungen zu gew\u00e4hrleisten.<\/li>\n\n\n\n<li><strong>Stellenbeschreibungen<\/strong>: Umfassende Vorlagen mit detaillierten Angaben zu Zust\u00e4ndigkeiten, F\u00e4higkeiten und Erwartungen f\u00fcr eine Vielzahl von technischen Funktionen.<\/li>\n\n\n\n<li><strong>Pl\u00e4ne f\u00fcr die ersten 100 Tage<\/strong>: Bew\u00e4hrte Rahmenbedingungen f\u00fcr Ihre ersten Schritte in einem neuen Job, die Ihnen helfen, Glaubw\u00fcrdigkeit aufzubauen, Beziehungen zu kn\u00fcpfen und schnelle Erfolge zu erzielen.<\/li>\n\n\n\n<li><strong>Strategische Aktionspl\u00e4ne<\/strong>: Schritt-f\u00fcr-Schritt-Anleitungen zur Bew\u00e4ltigung komplexer Herausforderungen und zur Verbesserung Ihrer strategischen Entscheidungsf\u00e4higkeit.<\/li>\n\n\n\n<li><strong>Vorlagen zum Aufbau von F\u00e4higkeiten<\/strong>: Werkzeuge und \u00dcbungen zur Verbesserung Ihrer F\u00fchrungs-, Fach- und Kommunikationsf\u00e4higkeiten.<\/li>\n<\/ul>\n\n<h4 class=\"wp-block-heading\">Warum sollten Sie unsere Ressourcen nutzen?<\/h4>\n\n<p>Der Weg zu einer effektiven F\u00fchrung erfordert die richtigen Werkzeuge und Anleitungen. Unsere Ressourcen wurden von Branchenexperten entwickelt und bieten Klarheit, Struktur und umsetzbare Ratschl\u00e4ge f\u00fcr jede Phase Ihrer Karriere. Vom <strong>Onboarding von F\u00fchrungskr\u00e4ften<\/strong> bis hin zu <strong>allt\u00e4glichen Managementstrategien<\/strong> finden Sie genau das, was Sie brauchen, um sich auszuzeichnen.  <\/p>\n\n<p>Sind Sie bereit, sich weiterzuentwickeln? Tauchen Sie ein in unsere umfassende Ressourcensammlung und bef\u00e4higen Sie sich selbst, Spitzenleistungen zu erzielen. <\/p>\n\n<p>Erkunden Sie jetzt unsere Ressourcenbibliothek!<\/p>\n","protected":false},"excerpt":{"rendered":"<p>\u00dcbersicht \u00fcber die Ressourcen &#8211; Ihr unverzichtbares Toolkit f\u00fcr den  [&#8230;]<\/p>\n","protected":false},"author":1,"featured_media":0,"parent":0,"menu_order":0,"comment_status":"closed","ping_status":"closed","template":"100-width.php","meta":{"_acf_changed":false,"footnotes":""},"class_list":["post-356","page","type-page","status-publish","hentry"],"acf":[],"featured_image_src":null,"featured_image_src_square":null,"_links":{"self":[{"href":"https:\/\/techresources.net\/de\/wp-json\/wp\/v2\/pages\/356","targetHints":{"allow":["GET"]}}],"collection":[{"href":"https:\/\/techresources.net\/de\/wp-json\/wp\/v2\/pages"}],"about":[{"href":"https:\/\/techresources.net\/de\/wp-json\/wp\/v2\/types\/page"}],"author":[{"embeddable":true,"href":"https:\/\/techresources.net\/de\/wp-json\/wp\/v2\/users\/1"}],"replies":[{"embeddable":true,"href":"https:\/\/techresources.net\/de\/wp-json\/wp\/v2\/comments?post=356"}],"version-history":[{"count":1,"href":"https:\/\/techresources.net\/de\/wp-json\/wp\/v2\/pages\/356\/revisions"}],"predecessor-version":[{"id":357,"href":"https:\/\/techresources.net\/de\/wp-json\/wp\/v2\/pages\/356\/revisions\/357"}],"wp:attachment":[{"href":"https:\/\/techresources.net\/de\/wp-json\/wp\/v2\/media?parent=356"}],"curies":[{"name":"wp","href":"https:\/\/api.w.org\/{rel}","templated":true}]}}