{"id":127,"date":"2024-08-26T14:47:31","date_gmt":"2024-08-26T14:47:31","guid":{"rendered":"https:\/\/techresources.net\/team-onboarding-tips\/"},"modified":"2024-09-13T20:33:51","modified_gmt":"2024-09-13T20:33:51","slug":"team-onboarding-tips","status":"publish","type":"page","link":"https:\/\/techresources.net\/de\/team-onboarding-tips\/","title":{"rendered":"Team Onboarding Tips"},"content":{"rendered":"\n<h2 class=\"wp-block-heading\">Nahtlose Integration neuer Teammitglieder in Ihre technische Abteilung<\/h2>\n\n<h3 class=\"wp-block-heading\">Aufbau eines starken Fundaments: Die Bedeutung eines effektiven Onboardings<\/h3>\n\n<p>Die Aufnahme neuer Teammitglieder in Ihre technische Abteilung ist eine wichtige Aufgabe, die \u00fcber die k\u00fcnftige Leistung Ihres Teams entscheiden kann. Unabh\u00e4ngig davon, ob Sie einen Softwareentwickler, DevOps-Ingenieur, Datenanalysten oder Produktmanager einarbeiten, sollte der Prozess gut strukturiert und durchdacht sein, damit die neuen Mitarbeiter schnell Fu\u00df fassen k\u00f6nnen. Bei einem effektiven Onboarding geht es nicht nur darum, jemanden im Team willkommen zu hei\u00dfen, sondern auch sicherzustellen, dass er die Tools, das Wissen und die Unterst\u00fctzung erh\u00e4lt, die er ben\u00f6tigt, um so schnell wie m\u00f6glich produktiv und erfolgreich zu werden.  <\/p>\n\n<p>Wir bei <strong>TechResources.net<\/strong> kennen die besonderen Herausforderungen, denen sich F\u00fchrungskr\u00e4fte im technischen Bereich bei der Integration neuer Mitarbeiter in komplexe und schnelllebige Umgebungen stellen m\u00fcssen. Deshalb haben wir eine umfassende Reihe von <strong>Team-Onboarding-Tipps<\/strong> entwickelt, die auf F\u00fchrungskr\u00e4fte in allen technischen Abteilungen zugeschnitten sind &#8211; von der Softwareentwicklung \u00fcber IT\/DevOps, BI Analytics, Produktentwicklung und FE. <\/p>\n\n<h3 class=\"wp-block-heading\">Ma\u00dfgeschneidertes Onboarding f\u00fcr verschiedene technische Rollen<\/h3>\n\n<p>Jede Rolle in einer technischen Abteilung hat ihre eigenen Verantwortlichkeiten, Tools und Arbeitsabl\u00e4ufe. Das bedeutet, dass ein Onboarding-Prozess, der f\u00fcr alle passt, nicht effektiv sein kann. TechResources.net bietet spezifische Onboarding-Leitf\u00e4den, die auf die Bed\u00fcrfnisse der verschiedenen Rollen zugeschnitten sind und eine nahtlose Integration gew\u00e4hrleisten, die die Leistung beschleunigt.  <\/p>\n\n<p>Beispielsweise:<\/p>\n\n<ul class=\"wp-block-list\">\n<li><strong>Software Development Teams:<\/strong> Wir konzentrieren uns darauf, neue Entwickler mit Ihrer Codebasis, Ihren Tools und Arbeitsabl\u00e4ufen vertraut zu machen und gleichzeitig die Zusammenarbeit mit bestehenden Teammitgliedern zu f\u00f6rdern.<\/li>\n\n\n\n<li><strong>IT\/DevOps Teams:<\/strong> Unsere Onboarding-Tipps helfen neuen DevOps-Ingenieuren, Ihre Infrastruktur, Bereitstellungspipelines und Schl\u00fcsselprozesse wie CI\/CD schnell zu verstehen.<\/li>\n\n\n\n<li><strong>BI  Analytics Teams:<\/strong> Wir bieten Strategien, die sicherstellen, dass Datenanalysten und BI-Experten die wichtigsten Datens\u00e4tze, Analysetools und Gesch\u00e4ftsziele verstehen, mit denen sie arbeiten werden.<\/li>\n\n\n\n<li><strong>Product Development Teams:<\/strong> Wir erl\u00e4utern die besten Methoden, um neue Produktmanager in Ihre agilen Entwicklungsprozesse einzubinden und sie mit Ihrer Produkt-Roadmap in Einklang zu bringen.<\/li>\n\n\n\n<li><strong>RD Teams:<\/strong> Wir konzentrieren uns darauf, neue FE-Mitglieder in Ihre Forschungsmethoden zu integrieren, Innovationen zu f\u00f6rdern und die Zusammenarbeit in funktions\u00fcbergreifenden Teams zu unterst\u00fctzen.<\/li>\n<\/ul>\n\n<div class=\"wp-block-cover gb-block-cta\" style=\"padding-top:2%;min-height:13em;aspect-ratio:unset;\"><span aria-hidden=\"true\" class=\"wp-block-cover__background has-background-dim-100 has-background-dim\" style=\"background-color:#f2f2f2\"><\/span><div class=\"wp-block-cover__inner-container is-layout-flow wp-block-cover-is-layout-flow\">\n<h2 class=\"wp-block-heading has-text-align-center\" style=\"font-size:32px;line-height:1\"><strong>Sind Sie bereit, Ihren Onboarding-Prozess zu optimieren<\/strong>? Entdecken Sie unser komplettes Angebot an Onboarding-Leitf\u00e4den und -Ressourcen auf <strong>TechResources.net<\/strong>. <\/h2>\n\n\n\n<div class=\"wp-block-buttons is-content-justification-center is-layout-flex wp-container-core-buttons-is-layout-16018d1d wp-block-buttons-is-layout-flex\">\n<div class=\"wp-block-button has-custom-font-size gb-block-button\" style=\"font-size:20px;line-height:1.2\"><a class=\"wp-block-button__link has-text-color has-background wp-element-button\" style=\"border-radius:5px;color:#ffffff;background-color:#3373dc;padding-top:10px;padding-right:1em;padding-bottom:10px;padding-left:1em\">Fangen Sie noch heute an, st\u00e4rkere und erfolgreichere Technikteams aufzubauen<\/a><\/div>\n<\/div>\n<\/div><\/div>\n","protected":false},"excerpt":{"rendered":"<p>Nahtlose Integration neuer Teammitglieder in Ihre technische Abteilung Aufbau eines  [&#8230;]<\/p>\n","protected":false},"author":1,"featured_media":0,"parent":0,"menu_order":0,"comment_status":"closed","ping_status":"closed","template":"","meta":{"_acf_changed":false,"footnotes":""},"class_list":["post-127","page","type-page","status-publish","hentry"],"acf":[],"featured_image_src":null,"featured_image_src_square":null,"_links":{"self":[{"href":"https:\/\/techresources.net\/de\/wp-json\/wp\/v2\/pages\/127","targetHints":{"allow":["GET"]}}],"collection":[{"href":"https:\/\/techresources.net\/de\/wp-json\/wp\/v2\/pages"}],"about":[{"href":"https:\/\/techresources.net\/de\/wp-json\/wp\/v2\/types\/page"}],"author":[{"embeddable":true,"href":"https:\/\/techresources.net\/de\/wp-json\/wp\/v2\/users\/1"}],"replies":[{"embeddable":true,"href":"https:\/\/techresources.net\/de\/wp-json\/wp\/v2\/comments?post=127"}],"version-history":[{"count":1,"href":"https:\/\/techresources.net\/de\/wp-json\/wp\/v2\/pages\/127\/revisions"}],"predecessor-version":[{"id":128,"href":"https:\/\/techresources.net\/de\/wp-json\/wp\/v2\/pages\/127\/revisions\/128"}],"wp:attachment":[{"href":"https:\/\/techresources.net\/de\/wp-json\/wp\/v2\/media?parent=127"}],"curies":[{"name":"wp","href":"https:\/\/api.w.org\/{rel}","templated":true}]}}