{"id":125,"date":"2024-08-26T15:19:25","date_gmt":"2024-08-26T15:19:25","guid":{"rendered":"https:\/\/techresources.net\/die-herausforderungen-der-technischen-rolle\/"},"modified":"2024-09-13T20:28:36","modified_gmt":"2024-09-13T20:28:36","slug":"die-herausforderungen-der-technischen-rolle","status":"publish","type":"page","link":"https:\/\/techresources.net\/de\/die-herausforderungen-der-technischen-rolle\/","title":{"rendered":"Die Herausforderungen der technischen Rolle"},"content":{"rendered":"\n<p>Erkennen und \u00dcberwinden der gr\u00f6\u00dften Hindernisse<\/p>\n\n<h3 class=\"wp-block-heading\">Die Komplexit\u00e4t der technischen Leitung anerkennen<\/h3>\n\n<p>Die \u00dcbernahme einer F\u00fchrungs- oder Leitungsfunktion in einer technischen Abteilung ist eine bedeutende Anerkennung, bringt aber auch eine Reihe einzigartiger Herausforderungen mit sich. Ganz gleich, ob Sie ein Softwareentwicklungsteam leiten, die IT-Infrastruktur beaufsichtigen, Dateneinblicke in BI  Analytics gewinnen, die Produktentwicklung leiten oder Innovationen in FE lenken &#8211; F\u00fchrungskr\u00e4fte im technischen Bereich m\u00fcssen sich in einem schnelllebigen Umfeld zurechtfinden und dabei technische Spitzenleistungen, Gesch\u00e4ftsziele und Teamdynamik in Einklang bringen. <\/p>\n\n<p>Wir von <strong>TechResources.net<\/strong> verstehen die Komplexit\u00e4t dieser Aufgaben. Deshalb haben wir gezielte Ressourcen entwickelt, die Ihnen dabei helfen, die <strong>dringendsten Herausforderungen zu erkennen und zu bew\u00e4ltigen,<\/strong> denen Sie auf Ihrem Weg zur technischen F\u00fchrungskraft begegnen werden. Von der Verwaltung technischer Schulden bis hin zur F\u00f6rderung der abteilungs\u00fcbergreifenden Zusammenarbeit &#8211; unsere Ressourcen sollen Ihnen praktische, umsetzbare Strategien f\u00fcr den Erfolg liefern.  <\/p>\n\n<p><\/p>\n","protected":false},"excerpt":{"rendered":"<p>Erkennen und \u00dcberwinden der gr\u00f6\u00dften Hindernisse Die Komplexit\u00e4t der technischen  [&#8230;]<\/p>\n","protected":false},"author":1,"featured_media":0,"parent":0,"menu_order":0,"comment_status":"closed","ping_status":"closed","template":"","meta":{"_acf_changed":false,"footnotes":""},"class_list":["post-125","page","type-page","status-publish","hentry"],"acf":[],"featured_image_src":null,"featured_image_src_square":null,"_links":{"self":[{"href":"https:\/\/techresources.net\/de\/wp-json\/wp\/v2\/pages\/125","targetHints":{"allow":["GET"]}}],"collection":[{"href":"https:\/\/techresources.net\/de\/wp-json\/wp\/v2\/pages"}],"about":[{"href":"https:\/\/techresources.net\/de\/wp-json\/wp\/v2\/types\/page"}],"author":[{"embeddable":true,"href":"https:\/\/techresources.net\/de\/wp-json\/wp\/v2\/users\/1"}],"replies":[{"embeddable":true,"href":"https:\/\/techresources.net\/de\/wp-json\/wp\/v2\/comments?post=125"}],"version-history":[{"count":1,"href":"https:\/\/techresources.net\/de\/wp-json\/wp\/v2\/pages\/125\/revisions"}],"predecessor-version":[{"id":126,"href":"https:\/\/techresources.net\/de\/wp-json\/wp\/v2\/pages\/125\/revisions\/126"}],"wp:attachment":[{"href":"https:\/\/techresources.net\/de\/wp-json\/wp\/v2\/media?parent=125"}],"curies":[{"name":"wp","href":"https:\/\/api.w.org\/{rel}","templated":true}]}}