{"id":123,"date":"2024-08-26T13:56:18","date_gmt":"2024-08-26T13:56:18","guid":{"rendered":"https:\/\/techresources.net\/leadership-playbooks\/"},"modified":"2024-09-13T15:37:18","modified_gmt":"2024-09-13T15:37:18","slug":"leadership-playbooks","status":"publish","type":"page","link":"https:\/\/techresources.net\/de\/leadership-playbooks\/","title":{"rendered":"Leadership Playbooks"},"content":{"rendered":"\n<h2 class=\"wp-block-heading\">Praktische, anwendbare Strategien f\u00fcr neue Tech-F\u00fchrungskr\u00e4fte<\/h2>\n\n<p><\/p><h3>Welcome to Tech Leadership: Your Path to Success Starts Here<\/h3><p>Die \u00dcbernahme einer F\u00fchrungsrolle in der Technologiebranche ist spannend und herausfordernd zugleich. Ganz gleich, ob Sie das Ruder als CTO oder VP of Technology \u00fcbernehmen oder ein spezialisiertes Team in den Bereichen Softwareentwicklung, IT, DevOps oder Analytik leiten, die Herausforderungen, denen Sie sich stellen m\u00fcssen, k\u00f6nnen \u00fcberw\u00e4ltigend sein. Die Erwartungen sind hoch, die Landschaft entwickelt sich st\u00e4ndig weiter, und Sie m\u00fcssen Ergebnisse liefern und gleichzeitig Mitarbeiter, Technologie und Strategie verwalten.  <\/p><p>Wir von <strong>TechResources.net<\/strong> wissen um die besonderen H\u00fcrden, denen sich F\u00fchrungskr\u00e4fte in den ersten Tagen ihrer T\u00e4tigkeit stellen m\u00fcssen. Deshalb haben wir eine umfassende Reihe von <strong>Leadership Playbooks<\/strong> entwickelt &#8211; praktische, umsetzbare Strategien, die Ihnen helfen, Ihre ersten Tage zu meistern, eine Dynamik aufzubauen und sich f\u00fcr langfristigen Erfolg zu r\u00fcsten. <\/p>\n\n<h3 class=\"wp-block-heading\">Ma\u00dfgeschneiderte Playbooks f\u00fcr jede Tech-Rolle<\/h3>\n\n<p>Unsere <strong>Leadership Playbooks<\/strong> sind keine pauschalen Leitf\u00e4den. Stattdessen sind sie sorgf\u00e4ltig auf die Bed\u00fcrfnisse bestimmter technischer Funktionen in einer Vielzahl von Abteilungen zugeschnitten. Von der Softwareentwicklung bis hin zu IT\/DevOps, BI  Analytics, Produktentwicklung und FE &#8211; wir haben jedes Playbook mit Blick auf die Herausforderungen und Priorit\u00e4ten der einzelnen Disziplinen entwickelt.  <\/p>\n\n<p>Beispielsweise:<\/p>\n\n<ul class=\"wp-block-list\">\n<li><strong>Software Development Leaders:<\/strong> Erfahren Sie, wie Sie die Codequalit\u00e4t verwalten, die Arbeitsabl\u00e4ufe im Team optimieren und die Geschwindigkeit der Bereitstellung mit der Verwaltung technischer Schulden in Einklang bringen.<\/li>\n\n\n\n<li><strong>IT\/DevOps Heads:<\/strong> Finden Sie Strategien zum Aufbau einer stabilen Infrastruktur, zur Gew\u00e4hrleistung der Verf\u00fcgbarkeit und zur Aufrechterhaltung der Sicherheit in einer schnelllebigen Umgebung.<\/li>\n\n\n\n<li><strong>BI  Analytics Managers:<\/strong> Entdecken Sie Best Practices f\u00fcr datengesteuerte Entscheidungen und die Nutzung von Erkenntnissen zur Unterst\u00fctzung der Unternehmensstrategie.<\/li>\n\n\n\n<li><strong>Product Development Leads:<\/strong> Dive into methodologies for prioritizing feature development, aligning with business goals, and delivering customer value.<\/li>\n\n\n\n<li><strong>RD Directors:<\/strong> Erfahren Sie mehr \u00fcber die Rahmenbedingungen f\u00fcr die F\u00f6rderung von Innovationen, das Management von Forschungsprojekten und die Verwirklichung innovativer Ideen.<\/li>\n<\/ul>\n\n<p>Jedes Playbook ber\u00fccksichtigt die spezifische Dynamik dieser Rollen und bietet Ihnen Einblicke, Strategien und Rahmenbedingungen, um vom ersten Tag an zu gl\u00e4nzen.<\/p>\n\n<h3 class=\"wp-block-heading\">Der Schl\u00fcssel zum Erfolg: Praktische, schrittweise Anleitungen<\/h3>\n\n<p><strong>Was macht unsere Leadership Playbooks anders?<\/strong> Sie sind so konzipiert, dass sie <strong>von Anfang an umsetzbar<\/strong> sind. Es handelt sich nicht um theoretische F\u00fchrungskurse, sondern um praktische Ratschl\u00e4ge, die Sie sofort anwenden k\u00f6nnen. So sind sie aufgebaut:  <\/p>\n\n<ol class=\"wp-block-list\">\n<li><strong>Leadership-Grundlagen<\/strong>: Verstehen Sie die Grundprinzipien der F\u00fchrung in Ihrer spezifischen Rolle und Abteilung. Dazu geh\u00f6ren das Setzen klarer Erwartungen, der Aufbau von Vertrauen in Ihrem Team und die effektive Kommunikation mit Kollegen und F\u00fchrungskr\u00e4ften. <\/li>\n\n\n\n<li><strong>Der 100-Tage-Plan<\/strong>: Wir gliedern die kritischen ersten 100 Tage in \u00fcberschaubare Phasen. In diesem Abschnitt finden Sie detaillierte Aktionsschritte f\u00fcr den Aufbau von Autorit\u00e4t, das Kennenlernen Ihres Teams, die Identifizierung wichtiger Stakeholder und die Schaffung von Quick Wins zum Aufbau von Glaubw\u00fcrdigkeit. <\/li>\n\n\n\n<li><strong>Team-Management-Strategien<\/strong>: Lernen Sie, wie Sie Ihre Teammitglieder motivieren und bef\u00e4higen k\u00f6nnen. Wir bieten spezifische Strategien f\u00fcr das Onboarding neuer Talente, die Durchf\u00fchrung von Einzelgespr\u00e4chen, das Geben von konstruktivem Feedback und die F\u00f6rderung einer Kultur der Zusammenarbeit und kontinuierlichen Verbesserung. <\/li>\n\n\n\n<li><strong>Operationale Exzellenz<\/strong>: F\u00fchrungspers\u00f6nlichkeiten in der Technik m\u00fcssen ein Gleichgewicht zwischen Vision und Ausf\u00fchrung finden. In diesem Abschnitt lernen Sie Tools und Techniken kennen, mit denen Sie den Betrieb rationalisieren, eine effiziente Ressourcenzuweisung sicherstellen und hohe Standards f\u00fcr technische Exzellenz aufrechterhalten k\u00f6nnen. Ob es um die Implementierung agiler Methoden in der Entwicklung oder um die \u00dcbernahme von DevOps-Best-Practices geht &#8211; wir haben alles f\u00fcr Sie.  <\/li>\n\n\n\n<li><strong>\u00dcberwindung g\u00e4ngiger Herausforderungen<\/strong>: Jede Rolle bringt ihre eigenen Herausforderungen mit sich, von der Skalierung von Teams bis zum Management funktions\u00fcbergreifender Projekte. Unsere Playbooks zeigen die h\u00e4ufigsten Hindernisse auf, mit denen neue Tech-F\u00fchrungskr\u00e4fte konfrontiert sind, und bieten bew\u00e4hrte L\u00f6sungen f\u00fcr deren \u00dcberwindung. <\/li>\n<\/ol>\n\n<h3 class=\"wp-block-heading\">Real-World Case Studies und Expert Insights<\/h3>\n\n<p>Unsere Leadership Playbooks st\u00fctzen sich auf reale Fallstudien von erfolgreichen Tech-F\u00fchrungskr\u00e4ften, die bereits in Ihrer Situation waren. Wir haben CTOs, Vizepr\u00e4sidenten und Teamleiter von f\u00fchrenden Technologieunternehmen befragt, um ihre Erkenntnisse, Erfahrungen und Best Practices zusammenzutragen. <\/p>\n\n<p>In unserem <strong>Software Development Leadership Playbook<\/strong> finden Sie zum Beispiel eine Fallstudie dar\u00fcber, wie ein leitender Entwicklungsmanager eines f\u00fchrenden SaaS-Unternehmens seinen Entwicklungsprozess umstrukturiert hat, um die Effizienz zu steigern und Engp\u00e4sse zu verringern. In unserem <strong>DevOps-Playbook<\/strong> erfahren Sie, wie ein IT-Vizepr\u00e4sident eines globalen Unternehmens seine Infrastruktur im Hinblick auf Skalierbarkeit optimiert hat, ohne die Sicherheit zu beeintr\u00e4chtigen. <\/p>\n\n<p>Diese Stories erwecken die Playbooks zum Leben und bieten Ihnen Inspiration und praktische Erkenntnisse, die Sie in Ihrem eigenen Unternehmen umsetzen k\u00f6nnen.<\/p>\n\n<h3 class=\"wp-block-heading\">Tools und Ressourcen auf Knopfdruck<\/h3>\n\n<p>Zus\u00e4tzlich zu den Schritt-f\u00fcr-Schritt-Anleitungen enthalten unsere Leadership Playbooks eine Vielzahl von Tools und Ressourcen, die Sie auf Ihrem Weg unterst\u00fctzen:<\/p>\n\n<ul class=\"wp-block-list\">\n<li><strong>Vorlagen und Checklisten<\/strong>: Von Vorlagen f\u00fcr die Projektplanung bis hin zu Checklisten f\u00fcr das Onboarding von Teams &#8211; wir stellen Ihnen die Ressourcen zur Verf\u00fcgung, die Sie f\u00fcr einen erfolgreichen Start ben\u00f6tigen.<\/li>\n\n\n\n<li><strong>Frameworks:<\/strong> Nutzen Sie unsere Frameworks f\u00fcr F\u00fchrungskr\u00e4fte, um Ihre Entscheidungsprozesse zu steuern, sei es bei der Priorisierung von Projekten, der Durchf\u00fchrung von Leistungsbeurteilungen oder der F\u00f6rderung organisatorischer Ver\u00e4nderungen.<\/li>\n\n\n\n<li><strong>Herunterladbare PDFs<\/strong>: Jedes Playbook steht als herunterladbare PDF-Datei zur Verf\u00fcgung, so dass Sie jederzeit darauf zugreifen k\u00f6nnen, egal ob Sie im B\u00fcro oder unterwegs sind.<\/li>\n<\/ul>\n\n<h3 class=\"wp-block-heading\">Beginnen Sie mit TechResources.net&#8217;s Leadership Playbooks<\/h3>\n\n<p>Sind Sie bereit, Ihre F\u00fchrungsqualit\u00e4ten zu verbessern und vom ersten Tag an etwas zu bewirken? Unsere <strong>Leadership Playbooks<\/strong> sollen Ihnen dabei helfen, in Ihrer neuen Rolle erfolgreich zu sein, indem sie Ihnen die Erkenntnisse, Strategien und Werkzeuge an die Hand geben, die Sie ben\u00f6tigen, um erfolgreich zu sein. <\/p>\n\n<p><strong>Warten Sie nicht &#8211; machen Sie noch heute den n\u00e4chsten Schritt auf Ihrem Weg zur F\u00fchrungskraft.<\/strong> Entdecken Sie unsere Leadership Playbooks und machen Sie sich auf den Weg zum Erfolg. Egal, ob Sie ein Entwicklungsteam leiten, eine IT-Abteilung beaufsichtigen oder eine Datenstrategie vorantreiben, TechResources.net hat das Playbook, das Ihnen hilft, Ihre Ziele zu erreichen. <\/p>\n\n<div class=\"wp-block-cover gb-block-cta\" style=\"padding-top:2%;min-height:13em;aspect-ratio:unset;\"><span aria-hidden=\"true\" class=\"wp-block-cover__background has-background-dim-100 has-background-dim\" style=\"background-color:#f2f2f2\"><\/span><div class=\"wp-block-cover__inner-container is-layout-flow wp-block-cover-is-layout-flow\">\n<div class=\"wp-block-buttons is-content-justification-center is-layout-flex wp-container-core-buttons-is-layout-16018d1d wp-block-buttons-is-layout-flex\">\n<div class=\"wp-block-button has-custom-font-size gb-block-button\" style=\"font-size:20px;line-height:1.2\"><a class=\"wp-block-button__link has-text-color has-background wp-element-button\" style=\"border-radius:5px;color:#ffffff;background-color:#3373dc;padding-top:10px;padding-right:1em;padding-bottom:10px;padding-left:1em\">Holen Sie sich jetzt Ihr Leadership Playbook<\/a><\/div>\n<\/div>\n\n\n\n<p class=\"has-text-align-center\"><\/p>\n<\/div><\/div>\n","protected":false},"excerpt":{"rendered":"<p>Praktische, anwendbare Strategien f\u00fcr neue Tech-F\u00fchrungskr\u00e4fte Welcome to Tech Leadership:  [&#8230;]<\/p>\n","protected":false},"author":1,"featured_media":0,"parent":0,"menu_order":0,"comment_status":"closed","ping_status":"closed","template":"","meta":{"_acf_changed":false,"footnotes":""},"class_list":["post-123","page","type-page","status-publish","hentry"],"acf":[],"featured_image_src":null,"featured_image_src_square":null,"_links":{"self":[{"href":"https:\/\/techresources.net\/de\/wp-json\/wp\/v2\/pages\/123","targetHints":{"allow":["GET"]}}],"collection":[{"href":"https:\/\/techresources.net\/de\/wp-json\/wp\/v2\/pages"}],"about":[{"href":"https:\/\/techresources.net\/de\/wp-json\/wp\/v2\/types\/page"}],"author":[{"embeddable":true,"href":"https:\/\/techresources.net\/de\/wp-json\/wp\/v2\/users\/1"}],"replies":[{"embeddable":true,"href":"https:\/\/techresources.net\/de\/wp-json\/wp\/v2\/comments?post=123"}],"version-history":[{"count":1,"href":"https:\/\/techresources.net\/de\/wp-json\/wp\/v2\/pages\/123\/revisions"}],"predecessor-version":[{"id":124,"href":"https:\/\/techresources.net\/de\/wp-json\/wp\/v2\/pages\/123\/revisions\/124"}],"wp:attachment":[{"href":"https:\/\/techresources.net\/de\/wp-json\/wp\/v2\/media?parent=123"}],"curies":[{"name":"wp","href":"https:\/\/api.w.org\/{rel}","templated":true}]}}