{"id":121,"date":"2024-08-22T15:21:42","date_gmt":"2024-08-22T14:21:42","guid":{"rendered":"https:\/\/techresources.net\/homepage\/"},"modified":"2024-09-13T15:22:26","modified_gmt":"2024-09-13T15:22:26","slug":"homepage","status":"publish","type":"page","link":"https:\/\/techresources.net\/de\/","title":{"rendered":"Homepage"},"content":{"rendered":"\n<div class=\"wp-block-cover gb-block-cta\" style=\"padding-top:2%;min-height:13em;aspect-ratio:unset;\"><span aria-hidden=\"true\" class=\"wp-block-cover__background has-background-dim-100 has-background-dim\" style=\"background-color:#f2f2f2\"><\/span><div class=\"wp-block-cover__inner-container is-layout-flow wp-block-cover-is-layout-flow\">\n<h2 class=\"wp-block-heading has-text-align-center has-text-color has-link-color wp-elements-1c2752e20a61043f7dd9cca53b8e3561\" style=\"color:#1a1b1b;font-size:32px;line-height:1\">TechResources.net &#8211; Bef\u00e4higung von Tech-F\u00fchrungskr\u00e4ften zum Erfolg in einer sich schnell ver\u00e4ndernden Welt<\/h2>\n\n\n\n<p class=\"has-text-align-center has-text-color has-link-color wp-elements-2d3fc05a1c64280cee7f20404594e00e\" style=\"color:#3a4343;line-height:1\">Ihre erste Anlaufstelle f\u00fcr umsetzbare Erkenntnisse, Expertenrat und bew\u00e4hrte Strategien f\u00fcr alle technischen Bereiche.<\/p>\n\n\n\n<div class=\"wp-block-buttons is-content-justification-center is-layout-flex wp-container-core-buttons-is-layout-16018d1d wp-block-buttons-is-layout-flex\">\n<div class=\"wp-block-button has-custom-font-size gb-block-button\" style=\"font-size:20px;line-height:1.2\"><a class=\"wp-block-button__link has-text-color has-background wp-element-button\" style=\"border-radius:5px;color:#ffffff;background-color:#3373dc;padding-top:10px;padding-right:1em;padding-bottom:10px;padding-left:1em\">Holen Sie sich Ihren kostenlosen Leitfaden f\u00fcr F\u00fchrungskr\u00e4fte<\/a><\/div>\n<\/div>\n<\/div><\/div>\n<section class=\"gb-block-post-grid featuredpage aligncenter button-more-link\"><h2 class=\"gb-post-grid-section-title\">Key Features<\/h2><div class=\"gb-post-grid-items is-grid columns-3\"><article id=\"post-123\" class=\"gb-post-grid-item post-123 page type-page status-publish hentry\"><div class=\"gb-block-post-grid-text\"><header class=\"gb-block-post-grid-header\"><h3 class=\"gb-block-post-grid-title\"><a href=\"https:\/\/techresources.net\/de\/leadership-playbooks\/\" rel=\"bookmark\">Leadership Playbooks<\/a><\/h3><\/header><div class=\"gb-block-post-grid-excerpt\"><p>Praktische, anwendbare Strategien f\u00fcr neue Tech-F\u00fchrungskr\u00e4fte Welcome to Tech Leadership: Your Path to Success Starts HereDie \u00dcbernahme einer F\u00fchrungsrolle in der Technologiebranche ist spannend und herausfordernd zugleich. Ganz&hellip;<\/p>\n<p><a class=\"gb-block-post-grid-more-link gb-text-link\" href=\"https:\/\/techresources.net\/de\/leadership-playbooks\/\" rel=\"bookmark\">Continue Reading <span class=\"screen-reader-text\">Leadership Playbooks<\/span><\/a><\/p><\/div><\/div><\/article>\n<article id=\"post-127\" class=\"gb-post-grid-item post-127 page type-page status-publish hentry\"><div class=\"gb-block-post-grid-text\"><header class=\"gb-block-post-grid-header\"><h3 class=\"gb-block-post-grid-title\"><a href=\"https:\/\/techresources.net\/de\/team-onboarding-tips\/\" rel=\"bookmark\">Team Onboarding Tips<\/a><\/h3><\/header><div class=\"gb-block-post-grid-excerpt\"><p>Nahtlose Integration neuer Teammitglieder in Ihre technische Abteilung Aufbau eines starken Fundaments: Die Bedeutung eines effektiven Onboardings Die Aufnahme neuer Teammitglieder in Ihre technische Abteilung ist eine wichtige&hellip;<\/p>\n<p><a class=\"gb-block-post-grid-more-link gb-text-link\" href=\"https:\/\/techresources.net\/de\/team-onboarding-tips\/\" rel=\"bookmark\">Continue Reading <span class=\"screen-reader-text\">Team Onboarding Tips<\/span><\/a><\/p><\/div><\/div><\/article>\n<article id=\"post-125\" class=\"gb-post-grid-item post-125 page type-page status-publish hentry\"><div class=\"gb-block-post-grid-text\"><header class=\"gb-block-post-grid-header\"><h3 class=\"gb-block-post-grid-title\"><a href=\"https:\/\/techresources.net\/de\/die-herausforderungen-der-technischen-rolle\/\" rel=\"bookmark\">Die Herausforderungen der technischen Rolle<\/a><\/h3><\/header><div class=\"gb-block-post-grid-excerpt\"><p>Erkennen und \u00dcberwinden der gr\u00f6\u00dften Hindernisse Die Komplexit\u00e4t der technischen Leitung anerkennen Die \u00dcbernahme einer F\u00fchrungs- oder Leitungsfunktion in einer technischen Abteilung ist eine bedeutende Anerkennung, bringt aber&hellip;<\/p>\n<p><a class=\"gb-block-post-grid-more-link gb-text-link\" href=\"https:\/\/techresources.net\/de\/die-herausforderungen-der-technischen-rolle\/\" rel=\"bookmark\">Continue Reading <span class=\"screen-reader-text\">Die Herausforderungen der technischen Rolle<\/span><\/a><\/p><\/div><\/div><\/article>\n<\/div><\/section><section class=\"gb-block-post-grid featuredpost aligncenter button-more-link\"><h2 class=\"gb-post-grid-section-title\">Featured<\/h2><div class=\"gb-post-grid-items is-grid columns-1\"><article id=\"post-147\" class=\"gb-post-grid-item post-147 post type-post status-publish format-standard has-post-thumbnail hentry category-it-de category-unkategorisiert\"><div class=\"gb-block-post-grid-image\"><a href=\"https:\/\/techresources.net\/de\/unkategorisiert\/ueberwachung-und-bewertung-der-leistung-in-bezug-auf-cybersicherheit-und-datenschutz-eine-entscheidende-komponente-der-kapazitaetsplanung-und-verwaltung\/\" rel=\"bookmark\" aria-hidden=\"true\" tabindex=\"-1\"><img decoding=\"async\" width=\"750\" height=\"420\" src=\"data:image\/svg+xml,%3Csvg%20xmlns%3D%27http%3A%2F%2Fwww.w3.org%2F2000%2Fsvg%27%20width%3D%271024%27%20height%3D%271024%27%20viewBox%3D%270%200%201024%201024%27%3E%3Crect%20width%3D%271024%27%20height%3D%271024%27%20fill-opacity%3D%220%22%2F%3E%3C%2Fsvg%3E\" class=\"attachment-large-featured size-large-featured lazyload\" alt=\"\" data-orig-src=\"https:\/\/techresources.net\/wp-content\/uploads\/2024\/12\/Monitoring-Cybersecurity-750x420.jpg\" \/><\/a><\/div><div class=\"gb-block-post-grid-text\"><header class=\"gb-block-post-grid-header\"><h3 class=\"gb-block-post-grid-title\"><a href=\"https:\/\/techresources.net\/de\/unkategorisiert\/ueberwachung-und-bewertung-der-leistung-in-bezug-auf-cybersicherheit-und-datenschutz-eine-entscheidende-komponente-der-kapazitaetsplanung-und-verwaltung\/\" rel=\"bookmark\">\u00dcberwachung und Bewertung der Leistung in Bezug auf Cybersicherheit und Datenschutz: Eine entscheidende Komponente der Kapazit\u00e4tsplanung und -verwaltung<\/a><\/h3><div class=\"gb-block-post-grid-byline\"><div class=\"gb-block-post-grid-author\" itemprop=\"author\" itemtype=\"https:\/\/schema.org\/Person\"><a class=\"gb-text-link\" href=\"https:\/\/techresources.net\/de\/author\/tr_yo759476\/\" itemprop=\"url\" rel=\"author\"><span itemprop=\"name\">admin<\/span><\/a><\/div><time datetime=\"2024-12-06T05:56:56+01:00\" class=\"gb-block-post-grid-date\" itemprop=\"datePublished\">6. Dezember 2024<\/time><\/div><\/header><div class=\"gb-block-post-grid-excerpt\"><p>In der heutigen digitalen Landschaft sind Cybersicherheit und Datenschutz f\u00fcr jede Organisation von gr\u00f6\u00dfter Bedeutung. Da Unternehmen zunehmend auf Technologie und Daten angewiesen sind, ist es wichtig, \u00fcber robuste Mechanismen zu verf\u00fcgen, um vertrauliche Informationen zu sch\u00fctzen und die Betriebskontinuit\u00e4t aufrechtzuerhalten. Die \u00dcberwachung und Bewertung der Leistung in Bezug auf Cybersicherheit und Datenschutz ist f\u00fcr&hellip;<\/p>\n<p><a class=\"gb-block-post-grid-more-link gb-text-link\" href=\"https:\/\/techresources.net\/de\/unkategorisiert\/ueberwachung-und-bewertung-der-leistung-in-bezug-auf-cybersicherheit-und-datenschutz-eine-entscheidende-komponente-der-kapazitaetsplanung-und-verwaltung\/\" rel=\"bookmark\">Continue Reading <span class=\"screen-reader-text\">\u00dcberwachung und Bewertung der Leistung in Bezug auf Cybersicherheit und Datenschutz: Eine entscheidende Komponente der Kapazit\u00e4tsplanung und -verwaltung<\/span><\/a><\/p><\/div><\/div><\/article>\n<\/div><\/section>","protected":false},"excerpt":{"rendered":"","protected":false},"author":1,"featured_media":0,"parent":0,"menu_order":0,"comment_status":"closed","ping_status":"closed","template":"100-width.php","meta":{"_acf_changed":false,"footnotes":""},"class_list":["post-121","page","type-page","status-publish","hentry"],"acf":[],"featured_image_src":null,"featured_image_src_square":null,"_links":{"self":[{"href":"https:\/\/techresources.net\/de\/wp-json\/wp\/v2\/pages\/121","targetHints":{"allow":["GET"]}}],"collection":[{"href":"https:\/\/techresources.net\/de\/wp-json\/wp\/v2\/pages"}],"about":[{"href":"https:\/\/techresources.net\/de\/wp-json\/wp\/v2\/types\/page"}],"author":[{"embeddable":true,"href":"https:\/\/techresources.net\/de\/wp-json\/wp\/v2\/users\/1"}],"replies":[{"embeddable":true,"href":"https:\/\/techresources.net\/de\/wp-json\/wp\/v2\/comments?post=121"}],"version-history":[{"count":1,"href":"https:\/\/techresources.net\/de\/wp-json\/wp\/v2\/pages\/121\/revisions"}],"predecessor-version":[{"id":122,"href":"https:\/\/techresources.net\/de\/wp-json\/wp\/v2\/pages\/121\/revisions\/122"}],"wp:attachment":[{"href":"https:\/\/techresources.net\/de\/wp-json\/wp\/v2\/media?parent=121"}],"curies":[{"name":"wp","href":"https:\/\/api.w.org\/{rel}","templated":true}]}}