{"id":108,"date":"2024-08-22T15:21:42","date_gmt":"2024-08-22T15:21:42","guid":{"rendered":"https:\/\/techresources.net\/ueber-uns-wir-unterstuetzen-tech-fuehrungskraefte-dabei-in-ihren-rollen-erfolgreich-zu-sein\/"},"modified":"2024-09-13T15:10:38","modified_gmt":"2024-09-13T15:10:38","slug":"ueber-uns-wir-unterstuetzen-tech-fuehrungskraefte-dabei-in-ihren-rollen-erfolgreich-zu-sein","status":"publish","type":"page","link":"https:\/\/techresources.net\/de\/ueber-uns-wir-unterstuetzen-tech-fuehrungskraefte-dabei-in-ihren-rollen-erfolgreich-zu-sein\/","title":{"rendered":"\u00dcber uns"},"content":{"rendered":"\n<p><strong>F\u00f6rderung von Tech-F\u00fchrungskr\u00e4ften, um in ihren Rollen erfolgreich zu sein<\/strong><\/p>\n\n<p><strong>TechResources.net<\/strong> ist ein Online-Magazin und eine Plattform f\u00fcr Ressourcen, die speziell f\u00fcr Tech-F\u00fchrungskr\u00e4fte entwickelt wurden, die sich mit den komplexen Anforderungen ihrer F\u00fchrungsrolle auseinandersetzen. Egal, ob Sie Teamleiter, Abteilungsleiter, Direktor, VP of Technology oder CTO sind, unsere Mission ist es, praktische, umsetzbare Erkenntnisse zu liefern, die Ihnen helfen, in Ihrer F\u00fchrungsrolle zu gl\u00e4nzen. <\/p>\n\n<p>Von der Bew\u00e4ltigung der ersten 100 Tage in einer neuen Position bis hin zur Meisterung der dringendsten Herausforderungen in der Technologiebranche konzentrieren wir uns auf die Themen, die f\u00fcr F\u00fchrungskr\u00e4fte, die die Zukunft der Technologie gestalten, am wichtigsten sind.<\/p>\n<div class=\"wp-block-image\">\n<figure class=\"aligncenter\"><img decoding=\"async\" src=\"data:image\/gif;base64,R0lGODlhAQABAAAAACH5BAEKAAEALAAAAAABAAEAAAICTAEAOw==\" data-orig-src=\"https:\/\/techresources.net\/wp-content\/themes\/magazine-pro\/config\/import\/images\/about.jpg\" alt=\"\" class=\"lazyload wp-image-2141\"\/><\/figure>\n<\/div>\n<h3 class=\"wp-block-heading\">Unser Auftrag: Unterst\u00fctzung der f\u00fchrenden K\u00f6pfe der Technologie von morgen<\/h3>\n\n<p>Die Technologielandschaft entwickelt sich st\u00e4ndig weiter und mit ihr auch die Anforderungen an die F\u00fchrungskr\u00e4fte in der Technologiebranche. Wir von <strong>TechResources.net<\/strong> haben es uns zur Aufgabe gemacht, F\u00fchrungskr\u00e4fte mit dem Wissen, den Werkzeugen und den Strategien auszustatten, die sie ben\u00f6tigen, um sich in der sich st\u00e4ndig ver\u00e4ndernden Technologieumgebung zurechtzufinden. Unser Ziel ist es, F\u00fchrungskr\u00e4fte in die Lage zu versetzen, nicht nur die Herausforderungen von heute zu meistern, sondern auch die Innovationen von morgen vorauszusehen und voranzutreiben.  <\/p>\n\n<p>Ganz gleich, ob Sie ein Software-Entwicklungsteam leiten, IT- und DevOps-Bem\u00fchungen f\u00fchren, die Datenanalyse steuern oder die Forschung und Entwicklung anf\u00fchren &#8211; unsere Ressourcen sind so konzipiert, dass sie Ihnen die Unterst\u00fctzung bieten, die Sie brauchen, um erfolgreich zu sein.<\/p>\n\n<h3 class=\"wp-block-heading\">F\u00fcr wen wir arbeiten: F\u00fchrungskr\u00e4fte in allen technischen Abteilungen<\/h3>\n\n<p>Technische F\u00fchrungspositionen gibt es in vielen Formen, jede mit ihren eigenen Herausforderungen und Verantwortlichkeiten. <strong>TechResources.net<\/strong> wurde entwickelt, um F\u00fchrungskr\u00e4ften in einer Vielzahl von technischen Abteilungen zu unterst\u00fctzen, darunter:<\/p>\n\n<ul class=\"wp-block-list\">\n<li><strong>Software-Entwicklung:<\/strong> Strategien f\u00fcr agile F\u00fchrung, technische Entscheidungsfindung und das Management von Entwicklungsteams.<\/li>\n\n\n\n<li><strong>IT  DevOps:<\/strong> Bietet Insights in Infrastrukturmanagement, Automatisierung und kontinuierliche Bereitstellung.<\/li>\n\n\n\n<li><strong>BI  Analytik:<\/strong> Austausch von Best Practices f\u00fcr die Nutzung von Daten, den Aufbau datengesteuerter Kulturen und die F\u00fchrung von Analyseteams.<\/li>\n\n\n\n<li><strong>Produktentwicklung:<\/strong> Anleitung von F\u00fchrungskr\u00e4ften zu Innovation, kundenorientierter Produktentwicklung und funktions\u00fcbergreifendem Teammanagement.<\/li>\n\n\n\n<li><strong>FE:<\/strong> Unterst\u00fctzung forschungsorientierter F\u00fchrungskr\u00e4fte mit Ressourcen zur F\u00f6rderung von Innovationen, zum Management langfristiger Projekte und zur F\u00f6rderung der interdisziplin\u00e4ren Zusammenarbeit.<\/li>\n<\/ul>\n\n<p>Ganz gleich, worauf Sie sich konzentrieren, <strong>TechResources.net<\/strong> bietet ma\u00dfgeschneiderte Ressourcen, die auf die besonderen Bed\u00fcrfnisse von Tech-F\u00fchrungskr\u00e4ften auf jeder Ebene eingehen.<\/p>\n\n<h3 class=\"wp-block-heading\">Unser Inhalt: Fokussiert auf praktische, umsetzbare Einblicke in die F\u00fchrung<\/h3>\n\n<p>Bei der F\u00fchrung in der Technologie geht es ebenso sehr um Menschen wie um Systeme und Prozesse. Unsere Inhalte sind sorgf\u00e4ltig zusammengestellt und bieten eine Mischung aus F\u00fchrungsstrategien, technischem Know-how und praktischen Erfahrungen von erfahrenen F\u00fchrungskr\u00e4ften aus der Technologiebranche. Wir decken ein breites Spektrum an wichtigen Themen ab, darunter:  <\/p>\n\n<ul class=\"wp-block-list\">\n<li><strong>Die ersten 100 Tage in einer neuen Rolle:<\/strong> Einblicke, wie Sie sofort Einfluss nehmen, Glaubw\u00fcrdigkeit aufbauen und ein starkes Fundament f\u00fcr langfristigen Erfolg legen k\u00f6nnen.<\/li>\n\n\n\n<li><strong>Onboarding von Teammitgliedern:<\/strong> Praktische Ratschl\u00e4ge f\u00fcr die reibungslose Integration neuer Teammitglieder, von Entwicklern bis zu Data Scientists.<\/li>\n\n\n\n<li><strong>Die wichtigsten Herausforderungen meistern:<\/strong> Strategien zur Bew\u00e4ltigung g\u00e4ngiger Herausforderungen wie der Skalierung von Teams, dem Umgang mit technischen Schulden und der Ausrichtung auf die Unternehmensziele.<\/li>\n\n\n\n<li><strong>Wichtige Handlungsfelder in einer Tech-Rolle:<\/strong> Fokus auf kritische F\u00fchrungsbereiche, einschlie\u00dflich Teamdynamik, Innovationsmanagement, Prozessoptimierung und Abstimmung der Technologie auf die Gesch\u00e4ftsstrategie.<\/li>\n<\/ul>\n\n<p>Jeder Artikel, jeder Leitfaden und jede Ressource, die wir ver\u00f6ffentlichen, ist praxisorientiert und sofort umsetzbar, damit Sie das Gelernte in Ihrer Rolle anwenden und echte Ergebnisse sehen k\u00f6nnen.<\/p>\n\n<h3 class=\"wp-block-heading\">Warum TechResources.net?<\/h3>\n\n<p><strong>TechResources.net<\/strong> hebt sich von der Masse der allgemeinen Unternehmensberatung ab, indem es sich ausschlie\u00dflich auf die Bed\u00fcrfnisse von F\u00fchrungskr\u00e4ften in der Technologiebranche konzentriert. Wir wissen, dass die F\u00fchrung in der Technologiebranche anders ist als in anderen Branchen &#8211; sie erfordert eine Mischung aus technischem Fachwissen, strategischem Weitblick und starken F\u00e4higkeiten in der Mitarbeiterf\u00fchrung. <\/p>\n\n<p>Das zeichnet uns aus:<\/p>\n\n<ul class=\"wp-block-list\">\n<li><strong>Rollenspezifischer Inhalt:<\/strong> Wir wissen, dass die Herausforderungen f\u00fcr F\u00fchrungskr\u00e4fte von Abteilung zu Abteilung und von Rolle zu Rolle variieren. Deshalb schneiden wir unsere Inhalte auf bestimmte F\u00fchrungspositionen im technischen Bereich zu.<\/li>\n\n\n\n<li><strong>Umsetzbare Strategien:<\/strong> Unsere Artikel und Ressourcen sind so konzipiert, dass sie klare Schritt-f\u00fcr-Schritt-Anleitungen bieten, die Sie sofort umsetzen k\u00f6nnen, und keine vagen, hochtrabenden Theorien.<\/li>\n\n\n\n<li><strong>Einblicke in die reale Welt:<\/strong> Wir sch\u00f6pfen aus den Erfahrungen aktiver Tech-F\u00fchrungskr\u00e4fte, die sich den gleichen Herausforderungen wie Sie gestellt haben und diese bew\u00e4ltigt haben.<\/li>\n\n\n\n<li><strong>Umfassende Abdeckung:<\/strong> Egal, ob Sie ein technischer Leiter in der Softwareentwicklung oder ein Vizepr\u00e4sident sind, der mehrere Abteilungen beaufsichtigt, wir bieten Ihnen eine umfassende Abdeckung f\u00fcr eine Vielzahl von Rollen und Verantwortlichkeiten.<\/li>\n<\/ul>\n\n<h3 class=\"wp-block-heading\">Unser Engagement f\u00fcr kontinuierliches Lernen und Wachstum<\/h3>\n\n<p>Wir bei <strong>TechResources.net<\/strong> glauben, dass gro\u00dfe F\u00fchrungskr\u00e4fte nie aufh\u00f6ren zu lernen. Deshalb haben wir uns verpflichtet, Sie bei Ihrer F\u00fchrungsentwicklung kontinuierlich zu unterst\u00fctzen. Unsere Bibliothek mit Ressourcen wird st\u00e4ndig mit neuen Artikeln, Leitf\u00e4den und Fallstudien aktualisiert, die die neuesten Trends, Tools und Techniken in der Tech-Branche widerspiegeln.  <\/p>\n\n<p>Au\u00dferdem wissen wir, dass F\u00fchrung eine Reise ist, die nicht mit der Beherrschung einer F\u00e4higkeit oder der Bew\u00e4ltigung einer Herausforderung endet. Wenn Sie sich mit unseren Inhalten besch\u00e4ftigen, haben Sie Zugang zu einem Netzwerk gleichgesinnter Fachleute und die M\u00f6glichkeit, sich in Ihrer Rolle kontinuierlich weiterzuentwickeln &#8211; egal, wo Sie sich auf Ihrer F\u00fchrungsreise befinden. <\/p>\n\n<h3 class=\"wp-block-heading\">Werden Sie Mitglied unserer Gemeinschaft von Tech Leaders<\/h3>\n\n<p>Bei <strong>TechResources.net<\/strong> laden wir Sie ein, Teil einer lebendigen Gemeinschaft von Tech-F\u00fchrungskr\u00e4ften zu werden, die mit Leidenschaft Ver\u00e4nderungen vorantreiben, Innovationen anregen und leistungsstarke Teams leiten. Ganz gleich, ob Sie auf der Suche nach neuen F\u00fchrungsperspektiven oder nach praktischen L\u00f6sungen f\u00fcr allt\u00e4gliche Herausforderungen sind, unsere Community ist f\u00fcr Sie da. <\/p>\n\n<p>Wenn Sie sich f\u00fcr unseren Newsletter anmelden, erhalten Sie fr\u00fchzeitig Zugang zu neuen Inhalten, exklusiven Einblicken in das Thema F\u00fchrung und Tools, die Ihnen helfen, in Ihrer Rolle erfolgreich zu sein. Bleiben Sie auf dem Laufenden \u00fcber die neuesten Entwicklungen im Bereich der technischen F\u00fchrung und werden Sie Teil eines wachsenden Netzwerks von Fachleuten, die im Bereich der Technologie eine Vorreiterrolle spielen. <\/p>\n\n<h3 class=\"wp-block-heading\">Kontaktieren Sie uns<\/h3>\n\n<p>Haben Sie Fragen oder Anregungen? Wir w\u00fcrden uns freuen, von Ihnen zu h\u00f6ren! Wenn Sie mehr \u00fcber ein bestimmtes Thema erfahren m\u00f6chten oder Feedback zu unseren Ressourcen haben, k\u00f6nnen Sie sich gerne an uns wenden unter <a href=\"https:\/\/techresources.net\/contact-us\/\" data-type=\"page\" data-id=\"12\">Contact Us<\/a>.  <\/p>\n\n<div style=\"color:#ddd\" class=\"wp-block-genesis-blocks-gb-spacer gb-block-spacer gb-divider-solid gb-divider-size-1\"><hr style=\"height:29px\"><\/div>\n\n<div class=\"wp-block-columns has-2-columns is-layout-flex wp-container-core-columns-is-layout-9d6595d7 wp-block-columns-is-layout-flex\">\n<div class=\"wp-block-column is-layout-flow wp-block-column-is-layout-flow\">\n<p><strong>TechResources.net<\/strong> ist mehr als nur ein Online-Magazin &#8211; wir sind Ihr Partner in Sachen technische F\u00fchrung und bieten Ihnen die Werkzeuge und Erkenntnisse, die Sie ben\u00f6tigen, um mit Zuversicht zu f\u00fchren und in Ihrem Unternehmen eine nachhaltige Wirkung zu erzielen. Informieren Sie sich noch heute \u00fcber unsere Ressourcen und machen Sie den n\u00e4chsten Schritt auf Ihrem Weg zur F\u00fchrungskraft! <\/p>\n<\/div>\n\n\n\n<div class=\"wp-block-column is-layout-flow wp-block-column-is-layout-flow\">\n<h2 class=\"wp-block-heading has-text-align-right\" id=\"mce_9\">Kontaktieren Sie uns<\/h2>\n\n\n\n<p class=\"has-text-align-right\">0049 2241 9558490<\/p>\n\n\n\n<p class=\"has-text-align-right\">TechResources.net<br\/>Feuerbachstrasse 24<br\/>53757 Sankt Augustin<br\/><br\/><\/p>\n<\/div>\n<\/div>\n\n<p><\/p>\n","protected":false},"excerpt":{"rendered":"<p>F\u00f6rderung von Tech-F\u00fchrungskr\u00e4ften, um in ihren Rollen erfolgreich zu sein  [&#8230;]<\/p>\n","protected":false},"author":1,"featured_media":61,"parent":0,"menu_order":0,"comment_status":"closed","ping_status":"closed","template":"","meta":{"_acf_changed":false,"footnotes":""},"class_list":["post-108","page","type-page","status-publish","has-post-thumbnail","hentry"],"acf":[],"featured_image_src":"https:\/\/techresources.net\/wp-content\/uploads\/2024\/08\/about-600x400.jpg","featured_image_src_square":"https:\/\/techresources.net\/wp-content\/uploads\/2024\/08\/about-600x600.jpg","_links":{"self":[{"href":"https:\/\/techresources.net\/de\/wp-json\/wp\/v2\/pages\/108","targetHints":{"allow":["GET"]}}],"collection":[{"href":"https:\/\/techresources.net\/de\/wp-json\/wp\/v2\/pages"}],"about":[{"href":"https:\/\/techresources.net\/de\/wp-json\/wp\/v2\/types\/page"}],"author":[{"embeddable":true,"href":"https:\/\/techresources.net\/de\/wp-json\/wp\/v2\/users\/1"}],"replies":[{"embeddable":true,"href":"https:\/\/techresources.net\/de\/wp-json\/wp\/v2\/comments?post=108"}],"version-history":[{"count":3,"href":"https:\/\/techresources.net\/de\/wp-json\/wp\/v2\/pages\/108\/revisions"}],"predecessor-version":[{"id":114,"href":"https:\/\/techresources.net\/de\/wp-json\/wp\/v2\/pages\/108\/revisions\/114"}],"wp:featuredmedia":[{"embeddable":true,"href":"https:\/\/techresources.net\/de\/wp-json\/wp\/v2\/media\/61"}],"wp:attachment":[{"href":"https:\/\/techresources.net\/de\/wp-json\/wp\/v2\/media?parent=108"}],"curies":[{"name":"wp","href":"https:\/\/api.w.org\/{rel}","templated":true}]}}